{"id":67,"date":"2017-06-16T11:29:06","date_gmt":"2017-06-16T11:29:06","guid":{"rendered":"http:\/\/dr-nothnagel.de\/?page_id=67"},"modified":"2025-10-10T09:37:24","modified_gmt":"2025-10-10T09:37:24","slug":"praxisurlaub-und-vertretung","status":"publish","type":"page","link":"https:\/\/dr-nothnagel.de\/?page_id=67","title":{"rendered":"Praxisurlaub und Vertretung"},"content":{"rendered":"\n<p><strong>Die Praxis ist vom 13.-17.10. geschlossen.<\/strong><\/p>\n\n\n\n<p>Vertretung f\u00fcr dringende Notf\u00e4lle \u00fcbernehmen<\/p>\n\n\n\n<p>Praxis Wlodarczyk MSc., Kirchstra\u00dfe 5, Bad H\u00f6nningen, Tel.: <strong><\/strong>026355757<strong><\/strong><\/p>\n\n\n\n<p>Praxis Linz Dental, Klosterstr. 11, Linz, <strong><\/strong>026448808<strong><\/strong><\/p>\n\n\n\n<p><\/p>\n\n\n\n<p>Am Freitag und an den Wochenenden ist ein zahn\u00e4rztlicher <a href=\"https:\/\/www.bzk-koblenz.de\/patienten\/notfalldienst.html\">Notdienst<\/a> eingeteilt.<\/p>\n\n\n\n<p><\/p>\n","protected":false},"excerpt":{"rendered":"<p>Die Praxis ist vom 13.-17.10. geschlossen. Vertretung f\u00fcr dringende Notf\u00e4lle \u00fcbernehmen Praxis Wlodarczyk MSc., Kirchstra\u00dfe 5, Bad H\u00f6nningen, Tel.: 026355757 Praxis Linz Dental, Klosterstr. 11, Linz, 026448808 Am Freitag und an den Wochenenden ist ein zahn\u00e4rztlicher Notdienst eingeteilt.<\/p>\n","protected":false},"author":1,"featured_media":0,"parent":0,"menu_order":0,"comment_status":"closed","ping_status":"closed","template":"","meta":{"footnotes":""},"class_list":["post-67","page","type-page","status-publish","hentry"],"_links":{"self":[{"href":"https:\/\/dr-nothnagel.de\/index.php?rest_route=\/wp\/v2\/pages\/67","targetHints":{"allow":["GET"]}}],"collection":[{"href":"https:\/\/dr-nothnagel.de\/index.php?rest_route=\/wp\/v2\/pages"}],"about":[{"href":"https:\/\/dr-nothnagel.de\/index.php?rest_route=\/wp\/v2\/types\/page"}],"author":[{"embeddable":true,"href":"https:\/\/dr-nothnagel.de\/index.php?rest_route=\/wp\/v2\/users\/1"}],"replies":[{"embeddable":true,"href":"https:\/\/dr-nothnagel.de\/index.php?rest_route=%2Fwp%2Fv2%2Fcomments&post=67"}],"version-history":[{"count":41,"href":"https:\/\/dr-nothnagel.de\/index.php?rest_route=\/wp\/v2\/pages\/67\/revisions"}],"predecessor-version":[{"id":253,"href":"https:\/\/dr-nothnagel.de\/index.php?rest_route=\/wp\/v2\/pages\/67\/revisions\/253"}],"wp:attachment":[{"href":"https:\/\/dr-nothnagel.de\/index.php?rest_route=%2Fwp%2Fv2%2Fmedia&parent=67"}],"curies":[{"name":"wp","href":"https:\/\/api.w.org\/{rel}","templated":true}]}}