{"id":63,"date":"2017-06-16T11:09:15","date_gmt":"2017-06-16T11:09:15","guid":{"rendered":"http:\/\/dr-nothnagel.de\/?page_id=63"},"modified":"2018-05-09T15:57:21","modified_gmt":"2018-05-09T15:57:21","slug":"notdienst","status":"publish","type":"page","link":"https:\/\/dr-nothnagel.de\/?page_id=63","title":{"rendered":"Notdienst"},"content":{"rendered":"<p>F\u00fcr dringende Notf\u00e4lle ist am Mittwoch- und Freitagnachmittag von 14 &#8211; 18 Uhr sowie an Wochenenden, Feiertagen und Br\u00fcckentagen ein Notdienst eingeteilt.<\/p>\n<p>Der <a href=\"https:\/\/www.bzk-koblenz.de\/patienten\/notfalldienst.html\" target=\"_blank\" rel=\"noopener\">Notdienstplan<\/a> wird von der Bezirkszahn\u00e4rztekammer Koblenz ver\u00f6ffentlicht.<\/p>\n","protected":false},"excerpt":{"rendered":"<p>F\u00fcr dringende Notf\u00e4lle ist am Mittwoch- und Freitagnachmittag von 14 &#8211; 18 Uhr sowie an Wochenenden, Feiertagen und Br\u00fcckentagen ein Notdienst eingeteilt. Der Notdienstplan wird von der Bezirkszahn\u00e4rztekammer Koblenz ver\u00f6ffentlicht.<\/p>\n","protected":false},"author":1,"featured_media":0,"parent":0,"menu_order":0,"comment_status":"closed","ping_status":"closed","template":"","meta":{"footnotes":""},"class_list":["post-63","page","type-page","status-publish","hentry"],"_links":{"self":[{"href":"https:\/\/dr-nothnagel.de\/index.php?rest_route=\/wp\/v2\/pages\/63","targetHints":{"allow":["GET"]}}],"collection":[{"href":"https:\/\/dr-nothnagel.de\/index.php?rest_route=\/wp\/v2\/pages"}],"about":[{"href":"https:\/\/dr-nothnagel.de\/index.php?rest_route=\/wp\/v2\/types\/page"}],"author":[{"embeddable":true,"href":"https:\/\/dr-nothnagel.de\/index.php?rest_route=\/wp\/v2\/users\/1"}],"replies":[{"embeddable":true,"href":"https:\/\/dr-nothnagel.de\/index.php?rest_route=%2Fwp%2Fv2%2Fcomments&post=63"}],"version-history":[{"count":4,"href":"https:\/\/dr-nothnagel.de\/index.php?rest_route=\/wp\/v2\/pages\/63\/revisions"}],"predecessor-version":[{"id":222,"href":"https:\/\/dr-nothnagel.de\/index.php?rest_route=\/wp\/v2\/pages\/63\/revisions\/222"}],"wp:attachment":[{"href":"https:\/\/dr-nothnagel.de\/index.php?rest_route=%2Fwp%2Fv2%2Fmedia&parent=63"}],"curies":[{"name":"wp","href":"https:\/\/api.w.org\/{rel}","templated":true}]}}