{"id":44,"date":"2017-06-16T10:26:37","date_gmt":"2017-06-16T10:26:37","guid":{"rendered":"http:\/\/dr-nothnagel.de\/?page_id=44"},"modified":"2018-05-09T14:44:54","modified_gmt":"2018-05-09T14:44:54","slug":"impressum","status":"publish","type":"page","link":"https:\/\/dr-nothnagel.de\/?page_id=44","title":{"rendered":"Impressum"},"content":{"rendered":"<p>Dr. Christoph Nothnagel<\/p>\n<p>Zahnarzt<\/p>\n<p>Bahnhofstra\u00dfe 1, 53557 Bad H\u00f6nningen<\/p>\n<p>Telefon: 02635 3249<\/p>\n<p><a href=\"javascript:secureDecryptAndNavigate('sGCAAZ0RcfyLz1\/uz5Oxdw1p0D4ys8D9owwgzGk0NP1FCUPfPJBFkxraRZ85z8Ht0DR3c2Q2RCOn41UfBsvh\/2uDuts9Y2WfolZKsuM=', '31330f177243a7ba15ce59dfd5727d51f26c722d6c6af8d042bec3211dbf05cd')\">E-Mail schreiben<\/a><\/p>\n<h4><a href=\"https:\/\/dr-nothnagel.de\/?page_id=143\">Datenschutzerkl\u00e4rung<\/a><\/h4>\n<h6>Angaben gem\u00e4\u00df Teledienstgesetz:<\/h6>\n<p>Die Berufsbezeichnung wurde in Deutschland erworben. Die berufsrechtlichen Grundlagen f\u00fcr diese Internetpr\u00e4senz bilden<\/p>\n<ul>\n<li>die <a href=\"https:\/\/www.bzaek.de\/fuer-zahnaerzte\/gebuehrenordnung-fuer-zahnaerzte-goz.html\" target=\"_blank\" rel=\"noopener\">Geb\u00fchrenordnung f\u00fcr Zahn\u00e4rzte<\/a><\/li>\n<li>das <a href=\"https:\/\/www.gesetze-im-internet.de\/bundesrecht\/zhg\/gesamt.pdf\" target=\"_blank\" rel=\"noopener\">Zahnheilkundegesetz<\/a><\/li>\n<li>das <a href=\"http:\/\/landesrecht.rlp.de\/jportal\/?quelle=jlink&amp;query=HeilBerG+RP&amp;psml=bsrlpprod.psml\" target=\"_blank\" rel=\"noopener\">Heilberufsgesetz und<\/a><\/li>\n<li>die <a href=\"http:\/\/www.lzk.de\/download\/berufsordnung.pdf\" target=\"_blank\" rel=\"noopener\">Berufsordnung f\u00fcr Zahn\u00e4rzte<\/a>.<\/li>\n<\/ul>\n<p>Mitglied der <a href=\"http:\/\/www.lzk.de\/\" target=\"_blank\" rel=\"noopener\">Zahn\u00e4rztekammer Rheinland-Pfalz<\/a><\/p>\n<p><strong>Hinweis:<\/strong><\/p>\n<p>Mit Urteil vom 12.5.1998 entschied das Landgericht Hamburg, dass man durch Ausbringung eines Links die Inhalte der gelinkten Seite ggf. mit zu verantworten hat. Dies kann &#8211; so das LG &#8211; nur dadurch verhindert werden, dass man sich ausdr\u00fccklich von diesen Inhalten distanziert. Obwohl hier und auf den \u00fcbrigen Seiten nach unserer Auffassung nur Links zu seri\u00f6sen Sites zu finden sind, gilt folgende Aussage:<\/p>\n<p><em>&#8222;F\u00fcr alle Links zu anderen Seiten im Internet gilt, dass der Betreiber dieser Homepage keinerlei Einfluss auf die Gestaltung und die Inhalte der gelinkten Seiten haben. Deshalb distanziert sich der Betreiber dieser Seiten ausdr\u00fccklich von allen Inhalten aller gelinkten Server und machen sich deren Inhalte nicht zu eigen.&#8220;<\/em><\/p>\n","protected":false},"excerpt":{"rendered":"<p>Dr. Christoph Nothnagel Zahnarzt Bahnhofstra\u00dfe 1, 53557 Bad H\u00f6nningen Telefon: E-Mail schreiben Datenschutzerkl\u00e4rung Angaben gem\u00e4\u00df Teledienstgesetz: Die Berufsbezeichnung wurde in Deutschland erworben. Die berufsrechtlichen Grundlagen f\u00fcr diese Internetpr\u00e4senz bilden die Geb\u00fchrenordnung f\u00fcr Zahn\u00e4rzte das Zahnheilkundegesetz das Heilberufsgesetz und die Berufsordnung f\u00fcr Zahn\u00e4rzte. Mitglied der Zahn\u00e4rztekammer Rheinland-Pfalz Hinweis: Mit Urteil vom 12.5.1998 entschied das Landgericht Hamburg, &hellip; <\/p>\n<p class=\"link-more\"><a href=\"https:\/\/dr-nothnagel.de\/?page_id=44\" class=\"more-link\"><span class=\"screen-reader-text\">\u201eImpressum\u201c<\/span> weiterlesen<\/a><\/p>\n","protected":false},"author":1,"featured_media":0,"parent":0,"menu_order":0,"comment_status":"closed","ping_status":"closed","template":"","meta":{"footnotes":""},"class_list":["post-44","page","type-page","status-publish","hentry"],"_links":{"self":[{"href":"https:\/\/dr-nothnagel.de\/index.php?rest_route=\/wp\/v2\/pages\/44","targetHints":{"allow":["GET"]}}],"collection":[{"href":"https:\/\/dr-nothnagel.de\/index.php?rest_route=\/wp\/v2\/pages"}],"about":[{"href":"https:\/\/dr-nothnagel.de\/index.php?rest_route=\/wp\/v2\/types\/page"}],"author":[{"embeddable":true,"href":"https:\/\/dr-nothnagel.de\/index.php?rest_route=\/wp\/v2\/users\/1"}],"replies":[{"embeddable":true,"href":"https:\/\/dr-nothnagel.de\/index.php?rest_route=%2Fwp%2Fv2%2Fcomments&post=44"}],"version-history":[{"count":9,"href":"https:\/\/dr-nothnagel.de\/index.php?rest_route=\/wp\/v2\/pages\/44\/revisions"}],"predecessor-version":[{"id":238,"href":"https:\/\/dr-nothnagel.de\/index.php?rest_route=\/wp\/v2\/pages\/44\/revisions\/238"}],"wp:attachment":[{"href":"https:\/\/dr-nothnagel.de\/index.php?rest_route=%2Fwp%2Fv2%2Fmedia&parent=44"}],"curies":[{"name":"wp","href":"https:\/\/api.w.org\/{rel}","templated":true}]}}